{"id":2,"date":"2023-06-22T14:00:47","date_gmt":"2023-06-22T19:00:47","guid":{"rendered":"https:\/\/asociacionimpacto.com\/?page_id=2"},"modified":"2025-09-19T12:00:58","modified_gmt":"2025-09-19T17:00:58","slug":"inicio","status":"publish","type":"page","link":"https:\/\/asociacionimpacto.com\/","title":{"rendered":"Inicio"},"content":{"rendered":"<section class=\"wpb-content-wrapper\"><p>[vc_row gap=\u00bb25&#8243; css=\u00bb.vc_custom_1687927173134{margin-bottom: 64px !important;padding-top: 8% !important;padding-bottom: 32px !important;}\u00bb el_id=\u00bbquienes\u00bb][vc_column width=\u00bb1\/2&#8243;][vc_images_carousel images=\u00bb32,31,30,29,28&#8243; img_size=\u00bbfull\u00bb onclick=\u00bblink_no\u00bb speed=\u00bb4000&#8243; autoplay=\u00bbyes\u00bb wrap=\u00bbyes\u00bb css=\u00bb.vc_custom_1687922552246{margin-bottom: 0px !important;padding-bottom: 0px !important;}\u00bb el_class=\u00bbdots-colors\u00bb][\/vc_column][vc_column width=\u00bb1\/2&#8243;][vc_custom_heading text=\u00bbQUI\u00c9NES SOMOS\u00bb font_container=\u00bbtag:h2|text_align:left|color:%2341568c\u00bb use_theme_fonts=\u00bbyes\u00bb css=\u00bb.vc_custom_1687922297932{margin-bottom: 24px !important;}\u00bb][vc_custom_heading text=\u00bbMISI\u00d3N\u00bb font_container=\u00bbtag:h3|text_align:left|color:%23993885&#8243; use_theme_fonts=\u00bbyes\u00bb css=\u00bb.vc_custom_1687922305356{margin-bottom: 4px !important;}\u00bb][vc_column_text]Apoyar e impulsar proyectos de desarrollo social, en colaboraci\u00f3n con otras entidades, tendientes a mejorar la calidad de vida y el bienestar de la comunidad, las cuales se enmarquen dentro de las \u00e1reas de trabajo como; desarrollo empresarial, integraci\u00f3n familiar, democracia participativa, preservaci\u00f3n y desarrollo del medio ambiente sostenible.[\/vc_column_text][vc_custom_heading text=\u00bbVISI\u00d3N\u00bb font_container=\u00bbtag:h3|text_align:left|color:%23993885&#8243; use_theme_fonts=\u00bbyes\u00bb css=\u00bb.vc_custom_1687922311251{margin-bottom: 4px !important;}\u00bb][vc_column_text]En el 2026 ser l\u00edder en promover e impulsar proyectos de desarrollo social, de alto impacto en la poblaci\u00f3n colombiana, especialmente de escasos recursos ubicadas en zonas vulnerables, posicion\u00e1ndonos como una asociaci\u00f3n para el desarrollo social con un m\u00e1ximo compromiso, responsabilidad social y desarrollo sostenible para la sociedad, canalizando el lado humano de la compa\u00f1\u00eda para convertirnos en el mejor aliado para el desarrollo tecnol\u00f3gico, econ\u00f3mico, social y medioambiental.[\/vc_column_text][\/vc_column][\/vc_row][vc_row full_width=\u00bbstretch_row\u00bb css=\u00bb.vc_custom_1687924562342{padding-top: 5% !important;padding-bottom: 5% !important;background-image: url(https:\/\/asociacionimpacto.com\/wp-content\/uploads\/2023\/06\/banner_2-2.jpg?id=59) !important;background-position: center !important;background-repeat: no-repeat !important;background-size: cover !important;}\u00bb el_id=\u00bbobjetivo\u00bb][vc_column][vc_custom_heading text=\u00bbOBJETIVO SOCIAL\u00bb font_container=\u00bbtag:h2|text_align:left|color:%23ffffff\u00bb use_theme_fonts=\u00bbyes\u00bb][vc_row_inner css=\u00bb.vc_custom_1687921719992{margin-bottom: 0px !important;padding-bottom: 0px !important;}\u00bb][vc_column_inner width=\u00bb1\/2&#8243;][vc_column_text]<\/p>\n<ul>\n<li><span style=\"color: #ffffff;\">Desarrollar procesos participativos de generaci\u00f3n de conocimiento ambiental. A trav\u00e9s de la investigaci\u00f3n involucrando a estudiantes, l\u00edderes y gestores sociales para la correcta ejecuci\u00f3n de proyectos de gesti\u00f3n ambiental en ecosistemas rurales y urbanos.<\/span><\/li>\n<li><span style=\"color: #ffffff;\">Fortalecer procesos de participaci\u00f3n y organizaci\u00f3n de las comunidades donde se desarrollar\u00e1n los proyectos, con el fin de generar acciones concretas para el mejoramiento de las condiciones de vida.<\/span><\/li>\n<\/ul>\n<p>[\/vc_column_text][\/vc_column_inner][vc_column_inner width=\u00bb1\/2&#8243;][vc_column_text]<\/p>\n<ul>\n<li><span style=\"color: #ffffff;\">Desarrollar y aplicar estrategias de educaci\u00f3n ciudadana enfocadas hacia la capacitaci\u00f3n empresarial, jornadas de salud, actividades deportivas, culturales y ambientales.<\/span><\/li>\n<li><span style=\"color: #ffffff;\">Construir colectivamente herramientas de comunicaci\u00f3n, sensibilizaci\u00f3n e instrumentos pedag\u00f3gicos de divulgaci\u00f3n, con el fin de crear en los individuos, grupos y en la sociedad entera nuevos patrones de comportamiento y responsabilidades.<\/span><\/li>\n<\/ul>\n<p>[\/vc_column_text][\/vc_column_inner][\/vc_row_inner][vc_row_inner css=\u00bb.vc_custom_1687921737394{padding-right: 32px !important;padding-left: 32px !important;}\u00bb][vc_column_inner][vc_custom_heading text=\u00bbEJES DE ACCI\u00d3N\u00bb font_container=\u00bbtag:h3|text_align:left|color:%23ffffff\u00bb use_theme_fonts=\u00bbyes\u00bb][vc_column_text]<span style=\"color: #ffffff;\">En Impacto trabajamos arduamente en solidificar las alianzas con entidades p\u00fablicas\/ privadas, partiendo de nuestra \u00e9tica y valores institucionales desarrollamos las ideas que nos acompa\u00f1aran a alcanzar los objetivos trazados con eficiencia y eficacia alcanzando as\u00ed el \u00e9xito en cada uno de los proyectos dirigidos al bienestar social y ambiental.<\/span>[\/vc_column_text][\/vc_column_inner][\/vc_row_inner][\/vc_column][\/vc_row][vc_row gap=\u00bb25&#8243; css=\u00bb.vc_custom_1687927166241{margin-bottom: 64px !important;padding-top: 8% !important;padding-bottom: 32px !important;}\u00bb el_id=\u00bbservicios\u00bb][vc_column width=\u00bb1\/2&#8243;][vc_custom_heading text=\u00bbNUESTROS SERVICIOS\u00bb font_container=\u00bbtag:h2|text_align:left|color:%2341568c\u00bb use_theme_fonts=\u00bbyes\u00bb][vc_column_text]Proceso en el cual reunimos cada una de las t\u00e9cnicas y conocimientos adquiridos por nuestro personal para hallar de una manera metodol\u00f3gica el plan de trabajo que ser\u00e1 gu\u00eda para el correcto desarrollo de los proyectos, satisfaciendo las necesidades y ayudando as\u00ed a resolver posibles problemas que deriven de la ejecuci\u00f3n, esto aportando en s\u00ed a la buena gesti\u00f3n y desenlace de los proyectos y programas que ser\u00e1n pactados.<\/p>\n<p>Desarrollamos proyectos p\u00fablicos y privado con car\u00e1cter:[\/vc_column_text][vc_row_inner css=\u00bb.vc_custom_1687922351128{padding-right: 32px !important;}\u00bb][vc_column_inner width=\u00bb1\/2&#8243;][vc_column_text]<\/p>\n<ul>\n<li><span style=\"color: #626262;\">Social.<\/span><\/li>\n<li><span style=\"color: #626262;\">Cultural.<\/span><\/li>\n<li><span style=\"color: #626262;\">Deporte y Recreaci\u00f3n.<\/span><\/li>\n<li><span style=\"color: #626262;\">Salud.<\/span><\/li>\n<li><span style=\"color: #626262;\">Capacitaciones.<\/span><\/li>\n<li><span style=\"color: #626262;\">Habilidades para el Trabajo.<\/span><\/li>\n<\/ul>\n<p>[\/vc_column_text][\/vc_column_inner][vc_column_inner width=\u00bb1\/2&#8243;][vc_column_text]<\/p>\n<ul>\n<li><span style=\"color: #626262;\">Ingenier\u00eda<\/span><\/li>\n<li><span style=\"color: #626262;\">Finanzas<\/span><\/li>\n<li><span style=\"color: #626262;\">Ambiental en ecosistemas rurales y urbanos.<\/span><\/li>\n<li><span style=\"color: #626262;\">Infraestructura.<\/span><\/li>\n<li><span style=\"color: #626262;\">Agropecuario y Pecuario.<\/span><\/li>\n<\/ul>\n<p>[\/vc_column_text][\/vc_column_inner][\/vc_row_inner][\/vc_column][vc_column width=\u00bb1\/2&#8243;][vc_images_carousel images=\u00bb81,82,83,85,84,86&#8243; img_size=\u00bbfull\u00bb onclick=\u00bblink_no\u00bb speed=\u00bb4000&#8243; autoplay=\u00bbyes\u00bb wrap=\u00bbyes\u00bb css=\u00bb.vc_custom_1687922955549{margin-bottom: 0px !important;padding-bottom: 0px !important;}\u00bb el_class=\u00bbdots-colors\u00bb][\/vc_column][\/vc_row][vc_row full_width=\u00bbstretch_row\u00bb content_placement=\u00bbmiddle\u00bb css=\u00bb.vc_custom_1687924584467{padding-top: 5% !important;padding-bottom: 4% !important;background-color: #f2f2f2 !important;}\u00bb el_id=\u00bbclientes\u00bb][vc_column][vc_custom_heading text=\u00bbNUESTROS CLIENTES\u00bb font_container=\u00bbtag:h2|text_align:center|color:%23993885&#8243; use_theme_fonts=\u00bbyes\u00bb css=\u00bb.vc_custom_1687923802615{margin-bottom: 40px !important;}\u00bb][vc_column_text]\n<div class=\"wpls-logo-showcase-slider-wrp \" data-conf=\"{&quot;slides_column&quot;:5,&quot;slides_scroll&quot;:1,&quot;dots&quot;:&quot;true&quot;,&quot;arrows&quot;:&quot;true&quot;,&quot;rows&quot;:1,&quot;autoplay&quot;:&quot;true&quot;,&quot;autoplay_interval&quot;:3000,&quot;ticker&quot;:&quot;false&quot;,&quot;speed&quot;:600,&quot;center_mode&quot;:&quot;false&quot;,&quot;loop&quot;:&quot;true&quot;,&quot;rtl&quot;:&quot;false&quot;,&quot;hover_pause&quot;:&quot;true&quot;,&quot;focus_pause&quot;:&quot;false&quot;,&quot;lazyload&quot;:&quot;&quot;}\">\n\t\t<div class=\"wpls-logo-showcase wpls-logo-showcase-slider wpls-logo-slider wpls-design-1 has-no-animation\" id=\"wpls-logo-showcase-slider-1\" data-animation=\"\"><div  class=\"wpls-logo-cnt \">\n\t<div class=\"wpls-fix-box\">\n\t\t\t<img decoding=\"async\" class=\"wpls-logo-img\"  src=\"https:\/\/asociacionimpacto.com\/wp-content\/uploads\/2023\/06\/Cerrito.png\" alt=\"Alcald\u00eda El Cerrito\" \/>\n\t\t<\/div>\n\n\t\t\t<div class=\"wpls-logo-title\">Alcald\u00eda El Cerrito<\/div>\n\t<\/div><div  class=\"wpls-logo-cnt \">\n\t<div class=\"wpls-fix-box\">\n\t\t\t<img decoding=\"async\" class=\"wpls-logo-img\"  src=\"https:\/\/asociacionimpacto.com\/wp-content\/uploads\/2023\/06\/Epa.png\" alt=\"EPA Buenaventura\" \/>\n\t\t<\/div>\n\n\t\t\t<div class=\"wpls-logo-title\">EPA Buenaventura<\/div>\n\t<\/div><div  class=\"wpls-logo-cnt \">\n\t<div class=\"wpls-fix-box\">\n\t\t\t<img decoding=\"async\" class=\"wpls-logo-img\"  src=\"https:\/\/asociacionimpacto.com\/wp-content\/uploads\/2023\/06\/Fundesami.png\" alt=\"Fundesami\" \/>\n\t\t<\/div>\n\n\t\t\t<div class=\"wpls-logo-title\">Fundesami<\/div>\n\t<\/div><div  class=\"wpls-logo-cnt \">\n\t<div class=\"wpls-fix-box\">\n\t\t\t<img decoding=\"async\" class=\"wpls-logo-img\"  src=\"https:\/\/asociacionimpacto.com\/wp-content\/uploads\/2023\/06\/Inder.png\" alt=\"InderBuenaventura\" \/>\n\t\t<\/div>\n\n\t\t\t<div class=\"wpls-logo-title\">InderBuenaventura<\/div>\n\t<\/div><div  class=\"wpls-logo-cnt \">\n\t<div class=\"wpls-fix-box\">\n\t\t\t<img decoding=\"async\" class=\"wpls-logo-img\"  src=\"https:\/\/asociacionimpacto.com\/wp-content\/uploads\/2023\/06\/Asofaro.png\" alt=\"Asofaro\" \/>\n\t\t<\/div>\n\n\t\t\t<div class=\"wpls-logo-title\">Asofaro<\/div>\n\t<\/div>\n\t<\/div>\n<\/div>[\/vc_column_text][\/vc_column][\/vc_row][vc_row gap=\u00bb25&#8243; css=\u00bb.vc_custom_1687927158110{margin-bottom: 64px !important;padding-top: 8% !important;padding-bottom: 32px !important;}\u00bb el_id=\u00bbcontactanos\u00bb el_class=\u00bbcontact\u00bb][vc_column width=\u00bb1\/2&#8243;][vc_custom_heading text=\u00bbCONT\u00c1CTENOS\u00bb font_container=\u00bbtag:h2|text_align:left|color:%2341568c\u00bb use_theme_fonts=\u00bbyes\u00bb][vc_column_text]Agradecemos su visita a nuestra p\u00e1gina web. Si desea ponerse en contacto con nosotros, estamos a su disposici\u00f3n para brindarle m\u00e1s informaci\u00f3n sobre nuestra asociaci\u00f3n. Por favor, complete el siguiente formulario con sus datos de contacto y mensaje, y nos comunicaremos con usted lo antes posible. <strong>\u00a1Esperamos tener la oportunidad de colaborar juntos!<\/strong>[\/vc_column_text][vc_row_inner css=\u00bb.vc_custom_1687926887815{padding-top: 12px !important;padding-left: 24px !important;}\u00bb][vc_column_inner]<div class=\"list_item lists_1 clearfix\"><div class=\"list_left list_icon\"><i class=\"fas fa-map-marker-alt\" aria-hidden=\"true\"><\/i><\/div><div class=\"list_right\"><h4 class=\"title\">Direcci\u00f3n<\/h4><div class=\"desc\">Calle 25 Norte #5n-57 Oficina 308 Santiago de Cali<\/div><\/div><\/div>\n<div class=\"list_item lists_1 clearfix\"><div class=\"list_left list_icon\"><i class=\"icon-email\" aria-hidden=\"true\"><\/i><\/div><div class=\"list_right\"><h4 class=\"title\">Correo electr\u00f3nico<\/h4><div class=\"desc\">Asoimpacto@hotmail.com<\/div><\/div><\/div>\n<div class=\"list_item lists_1 clearfix\"><div class=\"list_left list_icon\"><i class=\"fas fa-phone-alt\" aria-hidden=\"true\"><\/i><\/div><div class=\"list_right\"><h4 class=\"title\">Telef\u00f3no<\/h4><div class=\"desc\">+57 317 234 4027<\/div><\/div><\/div>\n[\/vc_column_inner][\/vc_row_inner][\/vc_column][vc_column width=\u00bb1\/2&#8243;]<style id=\"wpforms-css-vars-115\">\n\t\t\t\t#wpforms-115 {\n\t\t\t\t\n\t\t\t}\n\t\t\t<\/style><div class=\"wpforms-container wpforms-container-full wpforms-render-modern\" id=\"wpforms-115\"><form id=\"wpforms-form-115\" class=\"wpforms-validate wpforms-form wpforms-ajax-form\" data-formid=\"115\" method=\"post\" enctype=\"multipart\/form-data\" action=\"\/index.php\/wp-json\/wp\/v2\/pages\/2\" data-token=\"88f8a5ad835f3a78c95c035d32ba0980\" data-token-time=\"1776584331\"><noscript class=\"wpforms-error-noscript\">Por favor, activa JavaScript en tu navegador para completar este formulario.<\/noscript><div id=\"wpforms-error-noscript\" style=\"display: none;\">Por favor, activa JavaScript en tu navegador para completar este formulario.<\/div><div class=\"wpforms-field-container\"><div id=\"wpforms-115-field_0-container\" class=\"wpforms-field wpforms-field-name\" data-field-id=\"0\"><fieldset><legend class=\"wpforms-field-label\">Nombre <span class=\"wpforms-required-label\" aria-hidden=\"true\">*<\/span><\/legend><div class=\"wpforms-field-row wpforms-field-large\"><div class=\"wpforms-field-row-block wpforms-first wpforms-one-half\"><input type=\"text\" id=\"wpforms-115-field_0\" class=\"wpforms-field-name-first wpforms-field-required\" name=\"wpforms[fields][0][first]\" aria-errormessage=\"wpforms-115-field_0-error\" required><label for=\"wpforms-115-field_0\" class=\"wpforms-field-sublabel after\">Nombre<\/label><\/div><div class=\"wpforms-field-row-block wpforms-one-half\"><input type=\"text\" id=\"wpforms-115-field_0-last\" class=\"wpforms-field-name-last wpforms-field-required\" name=\"wpforms[fields][0][last]\" aria-errormessage=\"wpforms-115-field_0-last-error\" required><label for=\"wpforms-115-field_0-last\" class=\"wpforms-field-sublabel after\">Apellidos<\/label><\/div><\/div><\/fieldset><\/div><div id=\"wpforms-115-field_1-container\" class=\"wpforms-field wpforms-field-email\" data-field-id=\"1\"><label class=\"wpforms-field-label\" for=\"wpforms-115-field_1\">Correo electr\u00f3nico <span class=\"wpforms-required-label\" aria-hidden=\"true\">*<\/span><\/label><input type=\"email\" id=\"wpforms-115-field_1\" class=\"wpforms-field-large wpforms-field-required\" name=\"wpforms[fields][1]\" spellcheck=\"false\" aria-errormessage=\"wpforms-115-field_1-error\" required><\/div><div id=\"wpforms-115-field_3-container\" class=\"wpforms-field wpforms-field-number\" data-field-id=\"3\"><label class=\"wpforms-field-label\" for=\"wpforms-115-field_3\">Tel\u00e9fono m\u00f3vil <span class=\"wpforms-required-label\" aria-hidden=\"true\">*<\/span><\/label><input type=\"number\" id=\"wpforms-115-field_3\" class=\"wpforms-field-large wpforms-field-required\" name=\"wpforms[fields][3]\" step=\"any\" aria-errormessage=\"wpforms-115-field_3-error\" required><\/div><div id=\"wpforms-115-field_2-container\" class=\"wpforms-field wpforms-field-textarea\" data-field-id=\"2\"><label class=\"wpforms-field-label\" for=\"wpforms-115-field_2\">Comentario o mensaje <span class=\"wpforms-required-label\" aria-hidden=\"true\">*<\/span><\/label><textarea id=\"wpforms-115-field_2\" class=\"wpforms-field-medium wpforms-field-required\" name=\"wpforms[fields][2]\" aria-errormessage=\"wpforms-115-field_2-error\" required><\/textarea><\/div><\/div><!-- .wpforms-field-container --><div class=\"wpforms-submit-container\" ><input type=\"hidden\" name=\"wpforms[id]\" value=\"115\"><input type=\"hidden\" name=\"page_title\" value=\"\"><input type=\"hidden\" name=\"page_url\" value=\"https:\/\/asociacionimpacto.com\/index.php\/wp-json\/wp\/v2\/pages\/2\"><input type=\"hidden\" name=\"url_referer\" value=\"https:\/\/asociacionimpacto.com\/\"><button type=\"submit\" name=\"wpforms[submit]\" id=\"wpforms-submit-115\" class=\"wpforms-submit\" data-alt-text=\"Enviando...\" data-submit-text=\"Enviar\" aria-live=\"assertive\" value=\"wpforms-submit\">Enviar<\/button><img loading=\"lazy\" decoding=\"async\" src=\"https:\/\/asociacionimpacto.com\/wp-content\/plugins\/wpforms-lite\/assets\/images\/submit-spin.svg\" class=\"wpforms-submit-spinner\" style=\"display: none;\" width=\"26\" height=\"26\" alt=\"Cargando\"><\/div><\/form><\/div>  <!-- .wpforms-container -->[\/vc_column][\/vc_row]<\/p>\n<\/section>","protected":false},"excerpt":{"rendered":"<p>[vc_row gap=\u00bb25&#8243; css=\u00bb.vc_custom_1687927173134{margin-bottom: 64px !important;padding-top: 8% !important;padding-bottom: 32px !important;}\u00bb el_id=\u00bbquienes\u00bb][vc_column width=\u00bb1\/2&#8243;][vc_images_carousel images=\u00bb32,31,30,29,28&#8243; img_size=\u00bbfull\u00bb onclick=\u00bblink_no\u00bb speed=\u00bb4000&#8243; autoplay=\u00bbyes\u00bb wrap=\u00bbyes\u00bb css=\u00bb.vc_custom_1687922552246{margin-bottom: 0px !important;padding-bottom: 0px !important;}\u00bb el_class=\u00bbdots-colors\u00bb][\/vc_column][vc_column width=\u00bb1\/2&#8243;][vc_custom_heading text=\u00bbQUI\u00c9NES SOMOS\u00bb<span class=\"excerpt-hellip\"> [\u2026]<\/span><\/p>\n","protected":false},"author":1,"featured_media":0,"parent":0,"menu_order":0,"comment_status":"closed","ping_status":"open","template":"","meta":{"footnotes":""},"class_list":["post-2","page","type-page","status-publish","hentry"],"_hostinger_reach_plugin_has_subscription_block":false,"_hostinger_reach_plugin_is_elementor":false,"_links":{"self":[{"href":"https:\/\/asociacionimpacto.com\/index.php\/wp-json\/wp\/v2\/pages\/2","targetHints":{"allow":["GET"]}}],"collection":[{"href":"https:\/\/asociacionimpacto.com\/index.php\/wp-json\/wp\/v2\/pages"}],"about":[{"href":"https:\/\/asociacionimpacto.com\/index.php\/wp-json\/wp\/v2\/types\/page"}],"author":[{"embeddable":true,"href":"https:\/\/asociacionimpacto.com\/index.php\/wp-json\/wp\/v2\/users\/1"}],"replies":[{"embeddable":true,"href":"https:\/\/asociacionimpacto.com\/index.php\/wp-json\/wp\/v2\/comments?post=2"}],"version-history":[{"count":75,"href":"https:\/\/asociacionimpacto.com\/index.php\/wp-json\/wp\/v2\/pages\/2\/revisions"}],"predecessor-version":[{"id":137,"href":"https:\/\/asociacionimpacto.com\/index.php\/wp-json\/wp\/v2\/pages\/2\/revisions\/137"}],"wp:attachment":[{"href":"https:\/\/asociacionimpacto.com\/index.php\/wp-json\/wp\/v2\/media?parent=2"}],"curies":[{"name":"wp","href":"https:\/\/api.w.org\/{rel}","templated":true}]}}